{"id":37121,"date":"2020-03-31T14:24:05","date_gmt":"2020-03-31T14:24:05","guid":{"rendered":"http:\/\/www.melihsengul.com\/?page_id=37121"},"modified":"2025-08-29T14:41:23","modified_gmt":"2025-08-29T11:41:23","slug":"homepage","status":"publish","type":"page","link":"https:\/\/www.melihsengul.com\/en","title":{"rendered":"Prosthodontist Dr. Melih \u015eeng\u00fcl"},"content":{"rendered":"<div class=\"wpb-content-wrapper\"><p>[vc_row gap=&#8221;25&#8243; equal_height=&#8221;yes&#8221; type=&#8221;vc_default&#8221;][vc_column width=&#8221;1\/3&#8243;][vc_custom_heading text=&#8221;Dr. Dt. Melih \u015eeng\u00fcl&#8221; font_container=&#8221;tag:h3|text_align:center|color:%23004a87&#8243; use_theme_fonts=&#8221;yes&#8221;][vc_custom_heading text=&#8221;Prosthodontist \/ DDS&#8221; font_container=&#8221;tag:p|text_align:center|color:%23004a87&#8243; use_theme_fonts=&#8221;yes&#8221; el_class=&#8221;ic-menu&#8221;][vc_separator color=&#8221;black&#8221; border_width=&#8221;3&#8243; el_width=&#8221;10&#8243;][vc_column_text]As he received his diploma as one of the first graduates of the Yeditepe University &#8211; Faculty of Dentistry, he was admitted to Marmara University Faculty of Dentistry, Department of Prosthodontics and started his professional life and doctorate. In recent years, besides aesthetic studies and implant treatment, he is interested in digital dentistry and works in this field.[\/vc_column_text][vc_empty_space height=&#8221;18px&#8221;][vc_btn title=&#8221;Get more information&#8221; style=&#8221;flat&#8221; color=&#8221;primary&#8221; size=&#8221;sm&#8221; align=&#8221;center&#8221; css=&#8221;.vc_custom_1594117345026{margin-top: -20px !important;margin-bottom: 25px !important;}&#8221; button_block=&#8221;true&#8221; link=&#8221;url:http%3A%2F%2Fwww.melihsengul.com%2Fen%2Fbiography|title:Dr.%20Melih%20%C5%9Eeng%C3%BCl||&#8221;][\/vc_column][vc_column width=&#8221;2\/3&#8243; offset=&#8221;vc_hidden-xs&#8221;][vc_custom_heading text=&#8221;Dental Treatments&#8221; font_container=&#8221;tag:h3|text_align:center|color:%23004a87&#8243; use_theme_fonts=&#8221;yes&#8221;][vc_separator color=&#8221;black&#8221; border_width=&#8221;3&#8243; el_width=&#8221;10&#8243;][vc_basic_grid post_type=&#8221;post&#8221; max_items=&#8221;10&#8243; element_width=&#8221;3&#8243; gap=&#8221;10&#8243; orderby=&#8221;menu_order&#8221; item=&#8221;36482&#8243; grid_id=&#8221;vc_gid:1756467533679-e2518927-5ffd-1&#8243; taxonomies=&#8221;82&#8243;][\/vc_column][vc_column offset=&#8221;vc_hidden-lg vc_hidden-md vc_hidden-sm&#8221;][vc_custom_heading text=&#8221;Dental Treatments&#8221; font_container=&#8221;tag:h3|text_align:center|color:%23004a87&#8243; use_theme_fonts=&#8221;yes&#8221;][vc_separator color=&#8221;black&#8221; border_width=&#8221;3&#8243; el_width=&#8221;10&#8243;][vc_row_inner css=&#8221;.vc_custom_1594117224576{margin-right: 5px !important;margin-left: 5px !important;}&#8221;][vc_column_inner width=&#8221;1\/2&#8243; offset=&#8221;vc_col-xs-6&#8243;][vc_single_image image=&#8221;37292&#8243; img_size=&#8221;medium&#8221; alignment=&#8221;center&#8221; style=&#8221;vc_box_rounded&#8221; onclick=&#8221;custom_link&#8221; css=&#8221;.vc_custom_1594116733815{border-radius: 35px !important;}&#8221; lazy_loading=&#8221;true&#8221; link=&#8221;\/en\/dental-treatments\/implant-surgery.html&#8221;][vc_column_text css=&#8221;.vc_custom_1585653443027{margin-top: -15px !important;}&#8221; el_class=&#8221;home-menu-ms&#8221;]<\/p>\n<p style=\"text-align: center;\"><a href=\"\/en\/dental-treatments\/implant-surgery.html\"><strong>Implant Surgery<\/strong><\/a><\/p>\n<p>[\/vc_column_text][vc_single_image image=&#8221;37286&#8243; img_size=&#8221;medium&#8221; alignment=&#8221;center&#8221; style=&#8221;vc_box_rounded&#8221; onclick=&#8221;custom_link&#8221; css=&#8221;.vc_custom_1594116763257{border-radius: 35px !important;}&#8221; lazy_loading=&#8221;true&#8221; link=&#8221;\/en\/dental-treatments\/teeth-bleaching.html&#8221;][vc_column_text css=&#8221;.vc_custom_1585653506395{margin-top: -15px !important;}&#8221; el_class=&#8221;home-menu-ms&#8221;]<\/p>\n<p style=\"text-align: center;\"><a href=\"\/en\/dental-treatments\/teeth-bleaching.html\"><strong>Teeth Bleaching<\/strong><\/a><\/p>\n<p>[\/vc_column_text][vc_single_image image=&#8221;37297&#8243; img_size=&#8221;medium&#8221; alignment=&#8221;center&#8221; style=&#8221;vc_box_rounded&#8221; onclick=&#8221;custom_link&#8221; css=&#8221;.vc_custom_1594116802968{border-radius: 35px !important;}&#8221; lazy_loading=&#8221;true&#8221; link=&#8221;\/en\/dental-treatments\/laminate-veneers.html&#8221;][vc_column_text css=&#8221;.vc_custom_1585653749540{margin-top: -15px !important;}&#8221; el_class=&#8221;home-menu-ms&#8221;]<\/p>\n<p style=\"text-align: center;\"><a href=\"\/en\/dental-treatments\/laminate-veneers.html\"><strong>Laminate Veneers<\/strong><\/a><\/p>\n<p>[\/vc_column_text][vc_single_image image=&#8221;37304&#8243; img_size=&#8221;medium&#8221; alignment=&#8221;center&#8221; style=&#8221;vc_box_rounded&#8221; onclick=&#8221;custom_link&#8221; css=&#8221;.vc_custom_1594116819817{border-radius: 35px !important;}&#8221; lazy_loading=&#8221;true&#8221; link=&#8221;\/en\/dental-treatments\/zirconium-crowns.html&#8221;][vc_column_text css=&#8221;.vc_custom_1585653894639{margin-top: -15px !important;}&#8221; el_class=&#8221;home-menu-ms&#8221;]<\/p>\n<p style=\"text-align: center;\"><a href=\"\/en\/dental-treatments\/zirconium-crowns.html\"><strong>Zirconium Crowns<\/strong><\/a><\/p>\n<p>[\/vc_column_text][\/vc_column_inner][vc_column_inner width=&#8221;1\/2&#8243; offset=&#8221;vc_col-xs-6&#8243;][vc_single_image image=&#8221;37272&#8243; img_size=&#8221;medium&#8221; alignment=&#8221;center&#8221; style=&#8221;vc_box_rounded&#8221; onclick=&#8221;custom_link&#8221; css=&#8221;.vc_custom_1594116840102{border-radius: 35px !important;}&#8221; lazy_loading=&#8221;true&#8221; link=&#8221;\/en\/dental-treatments\/smile-design.html&#8221;][vc_column_text css=&#8221;.vc_custom_1585653621662{margin-top: -15px !important;}&#8221; el_class=&#8221;home-menu-ms&#8221;]<\/p>\n<p style=\"text-align: center;\"><a href=\"\/en\/dental-treatments\/smile-design.html\"><strong>Smile Design<\/strong><\/a><\/p>\n<p>[\/vc_column_text][vc_single_image image=&#8221;37282&#8243; img_size=&#8221;medium&#8221; alignment=&#8221;center&#8221; style=&#8221;vc_box_rounded&#8221; onclick=&#8221;custom_link&#8221; css=&#8221;.vc_custom_1594116863567{border-radius: 35px !important;}&#8221; lazy_loading=&#8221;true&#8221; link=&#8221;\/en\/dental-treatments\/aesthetic-fillings.html&#8221;][vc_column_text css=&#8221;.vc_custom_1585653688410{margin-top: -15px !important;}&#8221; el_class=&#8221;home-menu-ms&#8221;]<\/p>\n<p style=\"text-align: center;\"><a href=\"\/en\/dental-treatments\/aesthetic-fillings.html\"><strong>Aesthetic Fillings<\/strong><\/a><\/p>\n<p>[\/vc_column_text][vc_single_image image=&#8221;37277&#8243; img_size=&#8221;medium&#8221; alignment=&#8221;center&#8221; style=&#8221;vc_box_rounded&#8221; onclick=&#8221;custom_link&#8221; css=&#8221;.vc_custom_1594117096203{border-radius: 35px !important;}&#8221; lazy_loading=&#8221;true&#8221; link=&#8221;\/en\/dental-treatments\/porcelain-filling.html&#8221;][vc_column_text css=&#8221;.vc_custom_1585653936851{margin-top: -15px !important;}&#8221; el_class=&#8221;home-menu-ms&#8221;]<\/p>\n<p style=\"text-align: center;\"><a href=\"\/en\/dental-treatments\/porcelain-filling.html\"><strong>Porcelain Filling<\/strong><\/a><\/p>\n<p>[\/vc_column_text][vc_single_image image=&#8221;37465&#8243; img_size=&#8221;medium&#8221; alignment=&#8221;center&#8221; style=&#8221;vc_box_rounded&#8221; onclick=&#8221;custom_link&#8221; css=&#8221;.vc_custom_1756467664307{border-radius: 35px !important;}&#8221; lazy_loading=&#8221;true&#8221; link=&#8221;\/en\/dental-treatments\/porcelain-filling.html&#8221;][vc_column_text css=&#8221;.vc_custom_1756467607285{margin-top: -15px !important;}&#8221; el_class=&#8221;home-menu-ms&#8221;]<\/p>\n<p style=\"text-align: center;\"><a href=\"\/en\/dental-treatments\/jaw-orthopedics.html\"><strong>Jaw Orthopedics<\/strong><\/a><\/p>\n<p>[\/vc_column_text][\/vc_column_inner][\/vc_row_inner][\/vc_column][\/vc_row][vc_row full_width=&#8221;stretch_row_content&#8221; equal_height=&#8221;yes&#8221; content_placement=&#8221;middle&#8221; type=&#8221;vc_default&#8221; margin_top=&#8221;40&#8243; margin_bottom=&#8221;40&#8243; css=&#8221;.vc_custom_1585300670794{padding-right: 15px !important;padding-left: 15px !important;background-color: #f1faff !important;}&#8221;][vc_column][vc_custom_heading text=&#8221;Make an appointment&#8221; font_container=&#8221;tag:h3|text_align:center|color:%23004a87&#8243; use_theme_fonts=&#8221;yes&#8221;][vc_column_text css=&#8221;.vc_custom_1585324818686{margin-top: -5px !important;margin-bottom: 10px !important;}&#8221;]<\/p>\n<p style=\"text-align: center;\"><span style=\"color: #000000;\"><strong>with Dr. Melih \u015eeng\u00fcl<\/strong><\/span><\/p>\n<p>[\/vc_column_text][vc_separator color=&#8221;black&#8221; border_width=&#8221;3&#8243; el_width=&#8221;10&#8243;][vc_column_text]<\/p>\n<p class=\"dt-text-title\" style=\"text-align: center;\">You can make an appointment by calling <strong><span style=\"color: #000000;\"><span style=\"color: #004a87;\">0 (531) 640 33 73 <\/span><\/span><\/strong> or clicking the button below.<\/p>\n<p>[\/vc_column_text][vc_row_inner][vc_column_inner width=&#8221;1\/4&#8243; offset=&#8221;vc_hidden-sm vc_hidden-xs&#8221;][\/vc_column_inner][vc_column_inner width=&#8221;1\/4&#8243;][vc_btn title=&#8221;Online Appointment Form&#8221; style=&#8221;flat&#8221; color=&#8221;primary&#8221; align=&#8221;center&#8221; css=&#8221;.vc_custom_1585668635721{margin-top: -15px !important;margin-bottom: 35px !important;}&#8221; button_block=&#8221;true&#8221; link=&#8221;url:http%3A%2F%2Fwww.melihsengul.com%2Fen%2Fdr-melih-sengul-appointment-form|||&#8221;][\/vc_column_inner][vc_column_inner width=&#8221;1\/4&#8243;][vc_btn title=&#8221;Text us on Whatsapp&#8221; style=&#8221;flat&#8221; color=&#8221;success&#8221; align=&#8221;center&#8221; i_icon_fontawesome=&#8221;fab fa-whatsapp&#8221; css=&#8221;.vc_custom_1585306944593{margin-top: -15px !important;margin-bottom: 35px !important;}&#8221; button_block=&#8221;true&#8221; add_icon=&#8221;true&#8221; link=&#8221;url:https%3A%2F%2Fapi.whatsapp.com%2Fsend%3Fphone%3D905316403373%26text%3DHi%2C%2520I%2520want%2520to%2520ask%2520something||target:%20_blank|&#8221;][\/vc_column_inner][vc_column_inner width=&#8221;1\/4&#8243; offset=&#8221;vc_hidden-sm vc_hidden-xs&#8221;][\/vc_column_inner][\/vc_row_inner][\/vc_column][\/vc_row][vc_row gap=&#8221;35&#8243; type=&#8221;vc_default&#8221; margin_top=&#8221;40&#8243; margin_bottom=&#8221;40&#8243; css=&#8221;.vc_custom_1585641514531{margin-top: 40px !important;margin-bottom: 40px !important;}&#8221;][vc_column width=&#8221;1\/2&#8243; css=&#8221;.vc_custom_1585148900920{margin-bottom: -60px !important;}&#8221;][vc_column_text css=&#8221;.vc_custom_1585165300569{margin-bottom: -5px !important;}&#8221;]<\/p>\n<p style=\"text-align: center;\"><span style=\"color: #000000;\"><strong><i class=\"fab fa-instagram\"><\/i>\/melihsengul<\/strong><\/span><\/p>\n<p>[\/vc_column_text][vc_custom_heading text=&#8221;Follow us on Instagram&#8221; font_container=&#8221;tag:h3|text_align:center|color:%23004a87&#8243; use_theme_fonts=&#8221;yes&#8221;][vc_separator color=&#8221;black&#8221; border_width=&#8221;3&#8243; el_width=&#8221;10&#8243;][vc_raw_js]JTNDc2NyaXB0JTIwc3JjJTNEJTIyaHR0cHMlM0ElMkYlMkZzdGF0aWMuZWxmc2lnaHQuY29tJTJGcGxhdGZvcm0lMkZwbGF0Zm9ybS5qcyUyMiUyMGRhdGEtdXNlLXNlcnZpY2UtY29yZSUyMGRlZmVyJTNFJTNDJTJGc2NyaXB0JTNFJTBBJTNDZGl2JTIwY2xhc3MlM0QlMjJlbGZzaWdodC1hcHAtNjE4NGU0ZWItZWY4My00NDdiLTgxZWQtNWIwNzcwMjQ1OGRhJTIyJTNFJTNDJTJGZGl2JTNF[\/vc_raw_js][vc_empty_space height=&#8221;40px&#8221;][\/vc_column][vc_column width=&#8221;1\/2&#8243; css=&#8221;.vc_custom_1585641672632{padding-right: 15px !important;padding-left: 20px !important;background-color: #f1faff !important;border-radius: 30px !important;}&#8221;][vc_column_text css=&#8221;.vc_custom_1585305782747{margin-bottom: -5px !important;}&#8221;]<\/p>\n<p style=\"text-align: center;\"><span style=\"color: #000000;\"><strong>Have any question?<\/strong><\/span><\/p>\n<p>[\/vc_column_text][vc_custom_heading text=&#8221;Ask the dentist&#8221; font_container=&#8221;tag:h3|text_align:center|color:%23004a87&#8243; use_theme_fonts=&#8221;yes&#8221;][vc_separator color=&#8221;black&#8221; border_width=&#8221;3&#8243; el_width=&#8221;10&#8243;][vc_column_text]<\/p>\n<p style=\"text-align: center;\">Ask your questions to <span style=\"color: #000000;\"><span style=\"color: #004a87;\"><strong>Prosthodontist Dr. Melih \u015eeng\u00fcl <\/strong><\/span><\/span>about general dental treatments via the form below:<\/p>\n<p>[\/vc_column_text][vc_column_text css=&#8221;.vc_custom_1585664422677{margin-top: -15px !important;}&#8221;]<\/p>\n<p style=\"text-align: center;\"><form method=\"post\" enctype=\"multipart\/form-data\" id=\"vfbp-form-5\" class=\"vfbp-form\"><div style=\"display:none;\"><label for=\"vfbp-EMAIL-AN8fuQyoDLXem\">If you are human, leave this field blank.<\/label><input size=\"25\" autocomplete=\"off\" type=\"text\" name=\"vfbp-EMAIL-AN8fuQyoDLXem\" value=\"\" id=\"\"><\/div><input type=\"hidden\" name=\"_vfb-timestamp-5\" value=\"1777914465\" id=\"\"><input type=\"hidden\" name=\"_vfb-form-id\" value=\"5\" id=\"\"><div class=\"vfb-col-12 vfb-fieldType-text\" id=\"vfbField25\"><div class=\"vfb-form-group\"><label for=\"vfb-field-25\" class=\"vfb-control-label\">Ad <span class=\"vfb-required-asterisk\">*<\/span><\/label><div><input id=\"vfb-field-25\" class=\"vfb-form-control\" placeholder=\"\" required=\"required\" type=\"text\" name=\"vfb-field-25\" value=\"\"><\/div><\/div><\/div><div class=\"vfb-clearfix\"><\/div><div class=\"vfb-col-12 vfb-fieldType-email\" id=\"vfbField26\"><div class=\"vfb-form-group\"><label for=\"vfb-field-26\" class=\"vfb-control-label\">E-mail Address <span class=\"vfb-required-asterisk\">*<\/span><\/label><div><input id=\"vfb-field-26\" class=\"vfb-form-control\" placeholder=\"\" required=\"required\" type=\"email\" name=\"vfb-field-26\" value=\"\"><\/div><\/div><\/div><div class=\"vfb-clearfix\"><\/div><div class=\"vfb-col-12 vfb-fieldType-phone\" id=\"vfbField27\"><div class=\"vfb-form-group\"><label for=\"vfb-field-27\" class=\"vfb-control-label\">Phone Number<\/label><div><input id=\"vfb-field-27\" class=\"vfb-form-control vfb-intl-phone\" placeholder=\"\" data-default-country=\"tr\" data-number-type=\"MOBILE\" type=\"tel\" name=\"vfb-field-27\" value=\"\"><\/div><\/div><\/div><div class=\"vfb-clearfix\"><\/div><div class=\"vfb-col-12 vfb-fieldType-textarea\" id=\"vfbField28\"><div class=\"vfb-form-group\"><label for=\"vfb-field-28\" class=\"vfb-control-label\">Question <span class=\"vfb-required-asterisk\">*<\/span><\/label><div><textarea id=\"vfb-field-28\" class=\"vfb-form-control\" placeholder=\"\" required=\"required\" rows=\"10\" name=\"vfb-field-28\" cols=\"50\"><\/textarea><\/div><\/div><\/div><div class=\"vfb-clearfix\"><\/div><div class=\"vfb-col-12 vfb-fieldType-file-upload\" id=\"vfbField29\"><div class=\"vfb-form-group\"><label for=\"vfb-field-29[]\" class=\"vfb-control-label\">You can add your photo or x-ray results<\/label><div><input id=\"vfb-field-29\" class=\"vfb-form-control vfb-file-input\" placeholder=\"\" data-max-file-size=\"3000\" data-max-file-count=\"4\" data-show-remove=\"false\" multiple=\"1\" type=\"file\" name=\"vfb-field-29[]\"><span class=\"vfb-help-block\">You can add up to 4 documents. (Max. size 3MB each)<\/span><\/div><\/div><\/div><div class=\"vfb-clearfix\"><\/div><div class=\"vfb-col-12 vfb-fieldType-captcha\" id=\"vfbField60\"><div class=\"vfb-form-group\"><label for=\"vfb-field-60\" class=\"vfb-control-label\">Captcha <span class=\"vfb-required-asterisk\">*<\/span><\/label><div><div class=\"g-recaptcha\" data-sitekey=\"6LdVw9MhAAAAAHwDFglc4ZH-3Q8AvS8Rmh5ZpTg5\"><\/div><input type=\"hidden\" name=\"_vfb_recaptcha_enabled\" value=\"1\" id=\"\"><div class=\"vfb-has-error\" id=\"vfb-recaptcha-error\"><span class=\"vfb-help-block\">reCAPTCHA is required.<\/span><\/div><\/div><\/div><\/div><div class=\"vfb-clearfix\"><\/div><div class=\"vfb-col-12 vfb-fieldType-submit\" id=\"vfbField30\"><button id=\"vfb-field-30\" class=\" btn btn-primary\" placeholder=\"\" type=\"submit\" name=\"_vfb-submit\">G\u00f6nder<\/button><\/div><div class=\"vfb-clearfix\"><\/div><\/form><\/p>\n<p>[\/vc_column_text][\/vc_column][\/vc_row]<\/p>\n<\/div>","protected":false},"excerpt":{"rendered":"<p>[vc_row gap=&#8221;25&#8243; equal_height=&#8221;yes&#8221; type=&#8221;vc_default&#8221;][vc_column width=&#8221;1\/3&#8243;][vc_custom_heading text=&#8221;Dr. Dt. Melih \u015eeng\u00fcl&#8221; font_container=&#8221;tag:h3|text_align:center|color:%23004a87&#8243; use_theme_fonts=&#8221;yes&#8221;][vc_custom_heading text=&#8221;Prosthodontist \/ DDS&#8221; font_container=&#8221;tag:p|text_align:center|color:%23004a87&#8243; use_theme_fonts=&#8221;yes&#8221; el_class=&#8221;ic-menu&#8221;][vc_separator color=&#8221;black&#8221; border_width=&#8221;3&#8243; el_width=&#8221;10&#8243;][vc_column_text]As he received his diploma as one of the first graduates of the Yeditepe University &#8211; Faculty of Dentistry, he was admitted to Marmara University Faculty of Dentistry, Department of Prosthodontics and started his professional life&hellip;<\/p>\n","protected":false},"author":2,"featured_media":0,"parent":0,"menu_order":0,"comment_status":"closed","ping_status":"closed","template":"template-microsite.php","meta":{"_joinchat":[],"footnotes":""},"class_list":["post-37121","page","type-page","status-publish","hentry","description-off"],"yoast_head":"<!-- This site is optimized with the Yoast SEO plugin v25.7 - https:\/\/yoast.com\/wordpress\/plugins\/seo\/ -->\n<title>Dr. Dt. Melih \u015eeng\u00fcl - Prosthodontist \/ DDS - Istanbul, Turkey<\/title>\n<meta name=\"description\" content=\"Dr. Melih Sengul, DDS was born in 1977, in Germany. His dental technician father Himmet Sengul was awarded as the most valuable technician in 1987.\" \/>\n<meta name=\"robots\" content=\"index, follow, max-snippet:-1, max-image-preview:large, max-video-preview:-1\" \/>\n<link rel=\"canonical\" href=\"https:\/\/www.melihsengul.com\/en\" \/>\n<meta property=\"og:locale\" content=\"en_US\" \/>\n<meta property=\"og:type\" content=\"article\" \/>\n<meta property=\"og:title\" content=\"Dr. Dt. Melih \u015eeng\u00fcl - Prosthodontist \/ DDS - Istanbul, Turkey\" \/>\n<meta property=\"og:description\" content=\"Dr. Melih Sengul, DDS was born in 1977, in Germany. His dental technician father Himmet Sengul was awarded as the most valuable technician in 1987.\" \/>\n<meta property=\"og:url\" content=\"https:\/\/www.melihsengul.com\/en\" \/>\n<meta property=\"og:site_name\" content=\"Di\u015f Hekimi Dr. Melih \u015eeng\u00fcl\" \/>\n<meta property=\"article:modified_time\" content=\"2025-08-29T11:41:23+00:00\" \/>\n<meta name=\"twitter:label1\" content=\"Est. reading time\" \/>\n\t<meta name=\"twitter:data1\" content=\"5 minutes\" \/>\n<script type=\"application\/ld+json\" class=\"yoast-schema-graph\">{\"@context\":\"https:\/\/schema.org\",\"@graph\":[{\"@type\":\"WebPage\",\"@id\":\"https:\/\/www.melihsengul.com\/en\",\"url\":\"https:\/\/www.melihsengul.com\/en\",\"name\":\"Dr. Dt. Melih \u015eeng\u00fcl - Prosthodontist \/ DDS - Istanbul, Turkey\",\"isPartOf\":{\"@id\":\"https:\/\/www.melihsengul.com\/en#website\"},\"datePublished\":\"2020-03-31T14:24:05+00:00\",\"dateModified\":\"2025-08-29T11:41:23+00:00\",\"description\":\"Dr. Melih Sengul, DDS was born in 1977, in Germany. His dental technician father Himmet Sengul was awarded as the most valuable technician in 1987.\",\"breadcrumb\":{\"@id\":\"https:\/\/www.melihsengul.com\/en#breadcrumb\"},\"inLanguage\":\"en-US\",\"potentialAction\":[{\"@type\":\"ReadAction\",\"target\":[\"https:\/\/www.melihsengul.com\/en\"]}]},{\"@type\":\"BreadcrumbList\",\"@id\":\"https:\/\/www.melihsengul.com\/en#breadcrumb\",\"itemListElement\":[{\"@type\":\"ListItem\",\"position\":1,\"name\":\"Home\",\"item\":\"https:\/\/www.melihsengul.com\/en\"},{\"@type\":\"ListItem\",\"position\":2,\"name\":\"Prosthodontist Dr. Melih \u015eeng\u00fcl\"}]},{\"@type\":\"WebSite\",\"@id\":\"https:\/\/www.melihsengul.com\/en#website\",\"url\":\"https:\/\/www.melihsengul.com\/en\",\"name\":\"Di\u015f Hekimi Dr. Melih \u015eeng\u00fcl\",\"description\":\"Prosthodontist \/ Protez Uzman\u0131\",\"potentialAction\":[{\"@type\":\"SearchAction\",\"target\":{\"@type\":\"EntryPoint\",\"urlTemplate\":\"https:\/\/www.melihsengul.com\/en?s={search_term_string}\"},\"query-input\":{\"@type\":\"PropertyValueSpecification\",\"valueRequired\":true,\"valueName\":\"search_term_string\"}}],\"inLanguage\":\"en-US\"}]}<\/script>\n<!-- \/ Yoast SEO plugin. -->","yoast_head_json":{"title":"Dr. Dt. Melih \u015eeng\u00fcl - Prosthodontist \/ DDS - Istanbul, Turkey","description":"Dr. Melih Sengul, DDS was born in 1977, in Germany. His dental technician father Himmet Sengul was awarded as the most valuable technician in 1987.","robots":{"index":"index","follow":"follow","max-snippet":"max-snippet:-1","max-image-preview":"max-image-preview:large","max-video-preview":"max-video-preview:-1"},"canonical":"https:\/\/www.melihsengul.com\/en","og_locale":"en_US","og_type":"article","og_title":"Dr. Dt. Melih \u015eeng\u00fcl - Prosthodontist \/ DDS - Istanbul, Turkey","og_description":"Dr. Melih Sengul, DDS was born in 1977, in Germany. His dental technician father Himmet Sengul was awarded as the most valuable technician in 1987.","og_url":"https:\/\/www.melihsengul.com\/en","og_site_name":"Di\u015f Hekimi Dr. Melih \u015eeng\u00fcl","article_modified_time":"2025-08-29T11:41:23+00:00","twitter_misc":{"Est. reading time":"5 minutes"},"schema":{"@context":"https:\/\/schema.org","@graph":[{"@type":"WebPage","@id":"https:\/\/www.melihsengul.com\/en","url":"https:\/\/www.melihsengul.com\/en","name":"Dr. Dt. Melih \u015eeng\u00fcl - Prosthodontist \/ DDS - Istanbul, Turkey","isPartOf":{"@id":"https:\/\/www.melihsengul.com\/en#website"},"datePublished":"2020-03-31T14:24:05+00:00","dateModified":"2025-08-29T11:41:23+00:00","description":"Dr. Melih Sengul, DDS was born in 1977, in Germany. His dental technician father Himmet Sengul was awarded as the most valuable technician in 1987.","breadcrumb":{"@id":"https:\/\/www.melihsengul.com\/en#breadcrumb"},"inLanguage":"en-US","potentialAction":[{"@type":"ReadAction","target":["https:\/\/www.melihsengul.com\/en"]}]},{"@type":"BreadcrumbList","@id":"https:\/\/www.melihsengul.com\/en#breadcrumb","itemListElement":[{"@type":"ListItem","position":1,"name":"Home","item":"https:\/\/www.melihsengul.com\/en"},{"@type":"ListItem","position":2,"name":"Prosthodontist Dr. Melih \u015eeng\u00fcl"}]},{"@type":"WebSite","@id":"https:\/\/www.melihsengul.com\/en#website","url":"https:\/\/www.melihsengul.com\/en","name":"Di\u015f Hekimi Dr. Melih \u015eeng\u00fcl","description":"Prosthodontist \/ Protez Uzman\u0131","potentialAction":[{"@type":"SearchAction","target":{"@type":"EntryPoint","urlTemplate":"https:\/\/www.melihsengul.com\/en?s={search_term_string}"},"query-input":{"@type":"PropertyValueSpecification","valueRequired":true,"valueName":"search_term_string"}}],"inLanguage":"en-US"}]}},"_links":{"self":[{"href":"https:\/\/www.melihsengul.com\/en\/wp-json\/wp\/v2\/pages\/37121","targetHints":{"allow":["GET"]}}],"collection":[{"href":"https:\/\/www.melihsengul.com\/en\/wp-json\/wp\/v2\/pages"}],"about":[{"href":"https:\/\/www.melihsengul.com\/en\/wp-json\/wp\/v2\/types\/page"}],"author":[{"embeddable":true,"href":"https:\/\/www.melihsengul.com\/en\/wp-json\/wp\/v2\/users\/2"}],"replies":[{"embeddable":true,"href":"https:\/\/www.melihsengul.com\/en\/wp-json\/wp\/v2\/comments?post=37121"}],"version-history":[{"count":2,"href":"https:\/\/www.melihsengul.com\/en\/wp-json\/wp\/v2\/pages\/37121\/revisions"}],"predecessor-version":[{"id":41944,"href":"https:\/\/www.melihsengul.com\/en\/wp-json\/wp\/v2\/pages\/37121\/revisions\/41944"}],"wp:attachment":[{"href":"https:\/\/www.melihsengul.com\/en\/wp-json\/wp\/v2\/media?parent=37121"}],"curies":[{"name":"wp","href":"https:\/\/api.w.org\/{rel}","templated":true}]}}