{"id":37077,"date":"2020-03-31T11:25:43","date_gmt":"2020-03-31T11:25:43","guid":{"rendered":"http:\/\/www.melihsengul.com\/?page_id=37077"},"modified":"2020-07-08T17:57:45","modified_gmt":"2020-07-08T14:57:45","slug":"dental-treatments","status":"publish","type":"page","link":"https:\/\/www.melihsengul.com\/en\/dental-treatments","title":{"rendered":"Dental Treatments"},"content":{"rendered":"<div class=\"wpb-content-wrapper\"><p>[vc_row type=&#8221;vc_default&#8221; css=&#8221;.vc_custom_1585644200466{margin-top: 20px !important;}&#8221;][vc_column offset=&#8221;vc_hidden-xs&#8221;][vc_basic_grid post_type=&#8221;post&#8221; max_items=&#8221;10&#8243; orderby=&#8221;menu_order&#8221; item=&#8221;36482&#8243; grid_id=&#8221;vc_gid:1594117670179-d11301ba-9d35-9&#8243; taxonomies=&#8221;82&#8243;][\/vc_column][vc_column offset=&#8221;vc_hidden-lg vc_hidden-md vc_hidden-sm&#8221;][vc_row_inner css=&#8221;.vc_custom_1585640943525{margin-right: 10px !important;margin-left: 10px !important;}&#8221;][vc_column_inner width=&#8221;1\/2&#8243; offset=&#8221;vc_col-xs-6&#8243;][vc_single_image image=&#8221;37292&#8243; img_size=&#8221;medium&#8221; alignment=&#8221;center&#8221; style=&#8221;vc_box_rounded&#8221; onclick=&#8221;custom_link&#8221; lazy_loading=&#8221;true&#8221; css=&#8221;.vc_custom_1594117700653{border-radius: 35px !important;}&#8221; link=&#8221;\/en\/dental-treatments\/implant-surgery.html&#8221;][vc_column_text css=&#8221;.vc_custom_1585653443027{margin-top: -15px !important;}&#8221; el_class=&#8221;home-menu-ms&#8221;]<\/p>\n<p style=\"text-align: center;\"><a href=\"\/en\/dental-treatments\/implant-surgery.html\"><strong>Implant Surgery<\/strong><\/a><\/p>\n<p>[\/vc_column_text][vc_single_image image=&#8221;37286&#8243; img_size=&#8221;medium&#8221; alignment=&#8221;center&#8221; style=&#8221;vc_box_rounded&#8221; onclick=&#8221;custom_link&#8221; lazy_loading=&#8221;true&#8221; css=&#8221;.vc_custom_1594117737567{border-radius: 35px !important;}&#8221; link=&#8221;\/en\/dental-treatments\/teeth-bleaching.html&#8221;][vc_column_text css=&#8221;.vc_custom_1585653506395{margin-top: -15px !important;}&#8221; el_class=&#8221;home-menu-ms&#8221;]<\/p>\n<p style=\"text-align: center;\"><a href=\"\/en\/dental-treatments\/teeth-bleaching.html\"><strong>Teeth Bleaching<\/strong><\/a><\/p>\n<p>[\/vc_column_text][vc_single_image image=&#8221;37297&#8243; img_size=&#8221;medium&#8221; alignment=&#8221;center&#8221; style=&#8221;vc_box_rounded&#8221; onclick=&#8221;custom_link&#8221; lazy_loading=&#8221;true&#8221; css=&#8221;.vc_custom_1594117755934{border-radius: 35px !important;}&#8221; link=&#8221;\/en\/dental-treatments\/laminate-veneers.html&#8221;][vc_column_text css=&#8221;.vc_custom_1585653749540{margin-top: -15px !important;}&#8221; el_class=&#8221;home-menu-ms&#8221;]<\/p>\n<p style=\"text-align: center;\"><a href=\"\/en\/dental-treatments\/laminate-veneers.html\"><strong>Laminate Veneers<\/strong><\/a><\/p>\n<p>[\/vc_column_text][vc_single_image image=&#8221;37304&#8243; img_size=&#8221;medium&#8221; alignment=&#8221;center&#8221; style=&#8221;vc_box_rounded&#8221; onclick=&#8221;custom_link&#8221; lazy_loading=&#8221;true&#8221; css=&#8221;.vc_custom_1594117775789{border-radius: 35px !important;}&#8221; link=&#8221;\/en\/dental-treatments\/zirconium-crowns.html&#8221;][vc_column_text css=&#8221;.vc_custom_1585653894639{margin-top: -15px !important;}&#8221; el_class=&#8221;home-menu-ms&#8221;]<\/p>\n<p style=\"text-align: center;\"><a href=\"\/en\/dental-treatments\/zirconium-crowns.html\"><strong>Zirconium Crowns<\/strong><\/a><\/p>\n<p>[\/vc_column_text][\/vc_column_inner][vc_column_inner width=&#8221;1\/2&#8243; offset=&#8221;vc_col-xs-6&#8243;][vc_single_image image=&#8221;37272&#8243; img_size=&#8221;medium&#8221; alignment=&#8221;center&#8221; style=&#8221;vc_box_rounded&#8221; onclick=&#8221;custom_link&#8221; lazy_loading=&#8221;true&#8221; css=&#8221;.vc_custom_1594117799693{border-radius: 35px !important;}&#8221; link=&#8221;\/en\/dental-treatments\/smile-design.html&#8221;][vc_column_text css=&#8221;.vc_custom_1585653621662{margin-top: -15px !important;}&#8221; el_class=&#8221;home-menu-ms&#8221;]<\/p>\n<p style=\"text-align: center;\"><a href=\"\/en\/dental-treatments\/smile-design.html\"><strong>Smile Design<\/strong><\/a><\/p>\n<p>[\/vc_column_text][vc_single_image image=&#8221;37282&#8243; img_size=&#8221;medium&#8221; alignment=&#8221;center&#8221; style=&#8221;vc_box_rounded&#8221; onclick=&#8221;custom_link&#8221; lazy_loading=&#8221;true&#8221; css=&#8221;.vc_custom_1594117835939{border-radius: 35px !important;}&#8221; link=&#8221;\/en\/dental-treatments\/aesthetic-fillings.html&#8221;][vc_column_text css=&#8221;.vc_custom_1585653688410{margin-top: -15px !important;}&#8221; el_class=&#8221;home-menu-ms&#8221;]<\/p>\n<p style=\"text-align: center;\"><a href=\"\/en\/dental-treatments\/aesthetic-fillings.html\"><strong>Aesthetic Fillings<\/strong><\/a><\/p>\n<p>[\/vc_column_text][vc_single_image image=&#8221;37277&#8243; img_size=&#8221;medium&#8221; alignment=&#8221;center&#8221; style=&#8221;vc_box_rounded&#8221; onclick=&#8221;custom_link&#8221; lazy_loading=&#8221;true&#8221; css=&#8221;.vc_custom_1594117895365{border-radius: 35px !important;}&#8221; link=&#8221;\/en\/dental-treatments\/porcelain-filling.html&#8221;][vc_column_text css=&#8221;.vc_custom_1585653936851{margin-top: -15px !important;}&#8221; el_class=&#8221;home-menu-ms&#8221;]<\/p>\n<p style=\"text-align: center;\"><a href=\"\/en\/dental-treatments\/porcelain-filling.html\"><strong>Porcelain Filling<\/strong><\/a><\/p>\n<p>[\/vc_column_text][\/vc_column_inner][\/vc_row_inner][\/vc_column][\/vc_row]<\/p>\n<\/div>","protected":false},"excerpt":{"rendered":"<p>[vc_row type=&#8221;vc_default&#8221; css=&#8221;.vc_custom_1585644200466{margin-top: 20px !important;}&#8221;][vc_column offset=&#8221;vc_hidden-xs&#8221;][vc_basic_grid post_type=&#8221;post&#8221; max_items=&#8221;10&#8243; orderby=&#8221;menu_order&#8221; item=&#8221;36482&#8243; grid_id=&#8221;vc_gid:1594117670179-d11301ba-9d35-9&#8243; taxonomies=&#8221;82&#8243;][\/vc_column][vc_column offset=&#8221;vc_hidden-lg vc_hidden-md vc_hidden-sm&#8221;][vc_row_inner css=&#8221;.vc_custom_1585640943525{margin-right: 10px !important;margin-left: 10px !important;}&#8221;][vc_column_inner width=&#8221;1\/2&#8243; offset=&#8221;vc_col-xs-6&#8243;][vc_single_image image=&#8221;37292&#8243; img_size=&#8221;medium&#8221; alignment=&#8221;center&#8221; style=&#8221;vc_box_rounded&#8221; onclick=&#8221;custom_link&#8221; lazy_loading=&#8221;true&#8221; css=&#8221;.vc_custom_1594117700653{border-radius: 35px !important;}&#8221; link=&#8221;\/en\/dental-treatments\/implant-surgery.html&#8221;][vc_column_text css=&#8221;.vc_custom_1585653443027{margin-top: -15px !important;}&#8221; el_class=&#8221;home-menu-ms&#8221;] Implant Surgery [\/vc_column_text][vc_single_image image=&#8221;37286&#8243; img_size=&#8221;medium&#8221; alignment=&#8221;center&#8221; style=&#8221;vc_box_rounded&#8221; onclick=&#8221;custom_link&#8221; lazy_loading=&#8221;true&#8221; css=&#8221;.vc_custom_1594117737567{border-radius: 35px !important;}&#8221; link=&#8221;\/en\/dental-treatments\/teeth-bleaching.html&#8221;][vc_column_text css=&#8221;.vc_custom_1585653506395{margin-top: -15px !important;}&#8221; el_class=&#8221;home-menu-ms&#8221;] Teeth Bleaching&hellip;<\/p>\n","protected":false},"author":2,"featured_media":0,"parent":0,"menu_order":0,"comment_status":"closed","ping_status":"closed","template":"","meta":{"_joinchat":[],"footnotes":""},"class_list":["post-37077","page","type-page","status-publish","hentry","description-off"],"yoast_head":"<!-- This site is optimized with the Yoast SEO plugin v25.7 - https:\/\/yoast.com\/wordpress\/plugins\/seo\/ -->\n<title>Dental Treatments - Dr. Melih \u015eeng\u00fcl Prosthodontist \/ DDS Istanbul Turkey<\/title>\n<meta name=\"description\" content=\"Dental treatments, Zirconium Crowns, Implant Surgery, Porcelain Filling, Laminate Veneers, Aesthetic Fillings, Teeth Bleaching, Smile Design in Istanbul.\" \/>\n<meta name=\"robots\" content=\"index, follow, max-snippet:-1, max-image-preview:large, max-video-preview:-1\" \/>\n<link rel=\"canonical\" href=\"https:\/\/www.melihsengul.com\/en\/dental-treatments\" \/>\n<meta property=\"og:locale\" content=\"en_US\" \/>\n<meta property=\"og:type\" content=\"article\" \/>\n<meta property=\"og:title\" content=\"Dental Treatments - Dr. Melih \u015eeng\u00fcl Prosthodontist \/ DDS Istanbul Turkey\" \/>\n<meta property=\"og:description\" content=\"Dental treatments, Zirconium Crowns, Implant Surgery, Porcelain Filling, Laminate Veneers, Aesthetic Fillings, Teeth Bleaching, Smile Design in Istanbul.\" \/>\n<meta property=\"og:url\" content=\"https:\/\/www.melihsengul.com\/en\/dental-treatments\" \/>\n<meta property=\"og:site_name\" content=\"Di\u015f Hekimi Dr. Melih \u015eeng\u00fcl\" \/>\n<meta property=\"article:modified_time\" content=\"2020-07-08T14:57:45+00:00\" \/>\n<meta name=\"twitter:label1\" content=\"Est. reading time\" \/>\n\t<meta name=\"twitter:data1\" content=\"2 minutes\" \/>\n<script type=\"application\/ld+json\" class=\"yoast-schema-graph\">{\"@context\":\"https:\/\/schema.org\",\"@graph\":[{\"@type\":\"WebPage\",\"@id\":\"https:\/\/www.melihsengul.com\/en\/dental-treatments\",\"url\":\"https:\/\/www.melihsengul.com\/en\/dental-treatments\",\"name\":\"Dental Treatments - Dr. Melih \u015eeng\u00fcl Prosthodontist \/ DDS Istanbul Turkey\",\"isPartOf\":{\"@id\":\"https:\/\/www.melihsengul.com\/en#website\"},\"datePublished\":\"2020-03-31T11:25:43+00:00\",\"dateModified\":\"2020-07-08T14:57:45+00:00\",\"description\":\"Dental treatments, Zirconium Crowns, Implant Surgery, Porcelain Filling, Laminate Veneers, Aesthetic Fillings, Teeth Bleaching, Smile Design in Istanbul.\",\"breadcrumb\":{\"@id\":\"https:\/\/www.melihsengul.com\/en\/dental-treatments#breadcrumb\"},\"inLanguage\":\"en-US\",\"potentialAction\":[{\"@type\":\"ReadAction\",\"target\":[\"https:\/\/www.melihsengul.com\/en\/dental-treatments\"]}]},{\"@type\":\"BreadcrumbList\",\"@id\":\"https:\/\/www.melihsengul.com\/en\/dental-treatments#breadcrumb\",\"itemListElement\":[{\"@type\":\"ListItem\",\"position\":1,\"name\":\"Home\",\"item\":\"https:\/\/www.melihsengul.com\/en\"},{\"@type\":\"ListItem\",\"position\":2,\"name\":\"Dental Treatments\"}]},{\"@type\":\"WebSite\",\"@id\":\"https:\/\/www.melihsengul.com\/en#website\",\"url\":\"https:\/\/www.melihsengul.com\/en\",\"name\":\"Di\u015f Hekimi Dr. Melih \u015eeng\u00fcl\",\"description\":\"Prosthodontist \/ Protez Uzman\u0131\",\"potentialAction\":[{\"@type\":\"SearchAction\",\"target\":{\"@type\":\"EntryPoint\",\"urlTemplate\":\"https:\/\/www.melihsengul.com\/en?s={search_term_string}\"},\"query-input\":{\"@type\":\"PropertyValueSpecification\",\"valueRequired\":true,\"valueName\":\"search_term_string\"}}],\"inLanguage\":\"en-US\"}]}<\/script>\n<!-- \/ Yoast SEO plugin. -->","yoast_head_json":{"title":"Dental Treatments - Dr. Melih \u015eeng\u00fcl Prosthodontist \/ DDS Istanbul Turkey","description":"Dental treatments, Zirconium Crowns, Implant Surgery, Porcelain Filling, Laminate Veneers, Aesthetic Fillings, Teeth Bleaching, Smile Design in Istanbul.","robots":{"index":"index","follow":"follow","max-snippet":"max-snippet:-1","max-image-preview":"max-image-preview:large","max-video-preview":"max-video-preview:-1"},"canonical":"https:\/\/www.melihsengul.com\/en\/dental-treatments","og_locale":"en_US","og_type":"article","og_title":"Dental Treatments - Dr. Melih \u015eeng\u00fcl Prosthodontist \/ DDS Istanbul Turkey","og_description":"Dental treatments, Zirconium Crowns, Implant Surgery, Porcelain Filling, Laminate Veneers, Aesthetic Fillings, Teeth Bleaching, Smile Design in Istanbul.","og_url":"https:\/\/www.melihsengul.com\/en\/dental-treatments","og_site_name":"Di\u015f Hekimi Dr. Melih \u015eeng\u00fcl","article_modified_time":"2020-07-08T14:57:45+00:00","twitter_misc":{"Est. reading time":"2 minutes"},"schema":{"@context":"https:\/\/schema.org","@graph":[{"@type":"WebPage","@id":"https:\/\/www.melihsengul.com\/en\/dental-treatments","url":"https:\/\/www.melihsengul.com\/en\/dental-treatments","name":"Dental Treatments - Dr. Melih \u015eeng\u00fcl Prosthodontist \/ DDS Istanbul Turkey","isPartOf":{"@id":"https:\/\/www.melihsengul.com\/en#website"},"datePublished":"2020-03-31T11:25:43+00:00","dateModified":"2020-07-08T14:57:45+00:00","description":"Dental treatments, Zirconium Crowns, Implant Surgery, Porcelain Filling, Laminate Veneers, Aesthetic Fillings, Teeth Bleaching, Smile Design in Istanbul.","breadcrumb":{"@id":"https:\/\/www.melihsengul.com\/en\/dental-treatments#breadcrumb"},"inLanguage":"en-US","potentialAction":[{"@type":"ReadAction","target":["https:\/\/www.melihsengul.com\/en\/dental-treatments"]}]},{"@type":"BreadcrumbList","@id":"https:\/\/www.melihsengul.com\/en\/dental-treatments#breadcrumb","itemListElement":[{"@type":"ListItem","position":1,"name":"Home","item":"https:\/\/www.melihsengul.com\/en"},{"@type":"ListItem","position":2,"name":"Dental Treatments"}]},{"@type":"WebSite","@id":"https:\/\/www.melihsengul.com\/en#website","url":"https:\/\/www.melihsengul.com\/en","name":"Di\u015f Hekimi Dr. Melih \u015eeng\u00fcl","description":"Prosthodontist \/ Protez Uzman\u0131","potentialAction":[{"@type":"SearchAction","target":{"@type":"EntryPoint","urlTemplate":"https:\/\/www.melihsengul.com\/en?s={search_term_string}"},"query-input":{"@type":"PropertyValueSpecification","valueRequired":true,"valueName":"search_term_string"}}],"inLanguage":"en-US"}]}},"_links":{"self":[{"href":"https:\/\/www.melihsengul.com\/en\/wp-json\/wp\/v2\/pages\/37077","targetHints":{"allow":["GET"]}}],"collection":[{"href":"https:\/\/www.melihsengul.com\/en\/wp-json\/wp\/v2\/pages"}],"about":[{"href":"https:\/\/www.melihsengul.com\/en\/wp-json\/wp\/v2\/types\/page"}],"author":[{"embeddable":true,"href":"https:\/\/www.melihsengul.com\/en\/wp-json\/wp\/v2\/users\/2"}],"replies":[{"embeddable":true,"href":"https:\/\/www.melihsengul.com\/en\/wp-json\/wp\/v2\/comments?post=37077"}],"version-history":[{"count":0,"href":"https:\/\/www.melihsengul.com\/en\/wp-json\/wp\/v2\/pages\/37077\/revisions"}],"wp:attachment":[{"href":"https:\/\/www.melihsengul.com\/en\/wp-json\/wp\/v2\/media?parent=37077"}],"curies":[{"name":"wp","href":"https:\/\/api.w.org\/{rel}","templated":true}]}}