{"id":36404,"date":"2015-12-09T11:32:21","date_gmt":"2015-12-09T09:32:21","guid":{"rendered":"http:\/\/www.melihsengul.com\/?page_id=36404"},"modified":"2020-07-08T17:51:24","modified_gmt":"2020-07-08T14:51:24","slug":"biography","status":"publish","type":"page","link":"https:\/\/www.melihsengul.com\/en\/biography","title":{"rendered":"Dr. Melih \u015eeng\u00fcl"},"content":{"rendered":"<div class=\"wpb-content-wrapper\"><p>[vc_row type=&#8221;vc_default&#8221; css=&#8221;.vc_custom_1594119323623{margin-top: 32px !important;margin-bottom: 32px !important;}&#8221;][vc_column width=&#8221;1\/4&#8243; css=&#8221;.vc_custom_1594119152096{padding-right: 25px !important;padding-left: 25px !important;}&#8221; offset=&#8221;vc_hidden-xs&#8221;]<div class=\"ult_row_spacer\"><div class=\"ult-sticky-anchor\"><div class=\"ult-sticky-section ult-sticky \"  data-gutter= '250' data-stick_behaviour= 'stick_with_scroll_row'  data-sticky_position= 'top' data-mobile='no' data-support='no'>[vc_single_image image=&#8221;37212&#8243; img_size=&#8221;medium&#8221; alignment=&#8221;center&#8221; style=&#8221;vc_box_shadow&#8221; css_animation=&#8221;none&#8221; image_hovers=&#8221;false&#8221;]<div class=\"aio-icon-component    style_2\"><div id=\"Info-box-wrap-8940\" class=\"aio-icon-box top-icon\" style=\"\"  ><div class=\"aio-icon-header\" ><h3 class=\"aio-icon-title ult-responsive\"  data-ultimate-target='#Info-box-wrap-8940 .aio-icon-title'  data-responsive-json-new='{\"font-size\":\"desktop:20px;\",\"line-height\":\"\"}'  style=\"\">Dr. Melih \u015eeng\u00fcl<\/h3><\/div> <!-- header --><div class=\"aio-icon-description ult-responsive\"  data-ultimate-target='#Info-box-wrap-8940 .aio-icon-description'  data-responsive-json-new='{\"font-size\":\"\",\"line-height\":\"\"}'  style=\"\"><\/p>\n<p style=\"text-align: center;\">DDS \/ Prosthodontist<\/p>\n<p><\/div> <!-- description --><\/div> <!-- aio-icon-box --><\/div> <!-- aio-icon-component --><\/div><div class=\"ult-space\"><\/div><\/div><\/div>[\/vc_column][vc_column width=&#8221;3\/4&#8243; css=&#8221;.vc_custom_1585643506403{padding-right: 25px !important;padding-left: 25px !important;}&#8221;][vc_column_text css_animation=&#8221;none&#8221;]<strong><span style=\"color: #7cd5e2;\">Dr. Melih Sengul<\/span><\/strong>, <strong>DDS<\/strong> was born in 1977, in Germany. He continued his education in Germany until the fifth grade of primary school.[\/vc_column_text][vc_column_text css_animation=&#8221;none&#8221;]His dental technician father <strong><span style=\"color: #7cd5e2;\">Himmet Sengul<\/span><\/strong> was awarded as the most valuable technician &#8220;<strong><span style=\"color: #7cd5e2;\">Gold Paralelometer<\/span><\/strong>&#8221; (<span style=\"color: #7cd5e2;\">Das goldene parallelometer<\/span>) in <strong>1987<\/strong>, then he was invited to Turkey by a dentistry fair organization. Prime Minister of that time <em><strong>Turgut Ozal<\/strong><\/em>, who visited the fair, gave attention to his works and he wanted Mr. Sengul to return to Turkey to continue his work there in <strong>1988<\/strong>.[\/vc_column_text][vc_column_text css_animation=&#8221;none&#8221;]He completed his secondary and high school education at Ankara Yukselis College. On the other hand, in his father&#8217;s laboratory, especially about aesthetic dentistry and porcelains, he was also maintaining this job with interest. In <strong>1996<\/strong>, he moved to Istanbul to study at <strong><span style=\"color: #7cd5e2;\">Yeditepe University &#8211; Faculty of Dentistry<\/span><\/strong>. When he was a freshman, he became a member of the newly established<strong> Academy of Aesthetic Dentistry<\/strong> and focused his studies in this field.[\/vc_column_text][vc_column_text css_animation=&#8221;none&#8221;]In <strong>2001<\/strong>, when he received his diploma as one of the first graduates of the faculty, he was admitted to <strong><span style=\"color: #7cd5e2;\">Marmara University Faculty of Dentistry, Department of Prosthodontics<\/span><\/strong> and started his professional life and doctorate.[\/vc_column_text][vc_column_text css_animation=&#8221;none&#8221;]During his specialty, he participates in various studies on <strong><span style=\"color: #7cd5e2;\"><a style=\"color: #7cd5e2;\" href=\"http:\/\/www.melihsengul.com\/en\/dental-treatments\/implant-surgery.html\">implant treatment<\/a><\/span><\/strong>. On the other hand, in his own laboratory and clinic, he begins to provide technician service to some well-known dentists and runs his own clinic. After completing his PhD in <strong>2007<\/strong>, he devotes his full time to clinical studies.[\/vc_column_text][vc_column_text css_animation=&#8221;none&#8221;]In recent years, besides aesthetic studies and implant treatment, he is interested in digital dentistry and works in this field.<\/p>\n<p>[\/vc_column_text][vc_column_text css_animation=&#8221;none&#8221;]He still continues his career in his own clinic.<\/p>\n<p>[\/vc_column_text][vc_column_text css_animation=&#8221;none&#8221;]Apart from his profession, he has studies in the field of music. He has successfully represented Turkey a soloist in various international music festivals and he is still working in this branch.<\/p>\n<p>[\/vc_column_text][vc_column_text css_animation=&#8221;none&#8221;]He is married and has a son named Berk.<\/p>\n<p>[\/vc_column_text][\/vc_column][\/vc_row]<\/p>\n<\/div>","protected":false},"excerpt":{"rendered":"<p>[vc_row type=&#8221;vc_default&#8221; css=&#8221;.vc_custom_1594119323623{margin-top: 32px !important;margin-bottom: 32px !important;}&#8221;][vc_column width=&#8221;1\/4&#8243; css=&#8221;.vc_custom_1594119152096{padding-right: 25px !important;padding-left: 25px !important;}&#8221; offset=&#8221;vc_hidden-xs&#8221;][\/vc_column][vc_column width=&#8221;3\/4&#8243; css=&#8221;.vc_custom_1585643506403{padding-right: 25px !important;padding-left: 25px !important;}&#8221;][vc_column_text css_animation=&#8221;none&#8221;]Dr. Melih Sengul, DDS was born in 1977, in Germany. He continued his education in Germany until the fifth grade of primary school.[\/vc_column_text][vc_column_text css_animation=&#8221;none&#8221;]His dental technician father Himmet Sengul was awarded as the most valuable&hellip;<\/p>\n","protected":false},"author":2,"featured_media":0,"parent":0,"menu_order":0,"comment_status":"closed","ping_status":"closed","template":"","meta":{"_joinchat":[],"footnotes":""},"class_list":["post-36404","page","type-page","status-publish","hentry","description-off"],"yoast_head":"<!-- This site is optimized with the Yoast SEO plugin v25.7 - https:\/\/yoast.com\/wordpress\/plugins\/seo\/ -->\n<title>Dr. Dt. Melih \u015eeng\u00fcl - Prosthodontist \/ DDS - Kadikoy, Istanbul, Turkey<\/title>\n<meta name=\"description\" content=\"Dr. Melih Sengul, DDS was born in 1977, in Germany. His dental technician father Himmet Sengul was awarded as the most valuable technician in 1987.\" \/>\n<meta name=\"robots\" content=\"index, follow, max-snippet:-1, max-image-preview:large, max-video-preview:-1\" \/>\n<link rel=\"canonical\" href=\"https:\/\/www.melihsengul.com\/en\/biography\" \/>\n<meta property=\"og:locale\" content=\"en_US\" \/>\n<meta property=\"og:type\" content=\"article\" \/>\n<meta property=\"og:title\" content=\"Dr. Dt. Melih \u015eeng\u00fcl - Prosthodontist \/ DDS - Kadikoy, Istanbul, Turkey\" \/>\n<meta property=\"og:description\" content=\"Dr. Melih Sengul, DDS was born in 1977, in Germany. His dental technician father Himmet Sengul was awarded as the most valuable technician in 1987.\" \/>\n<meta property=\"og:url\" content=\"https:\/\/www.melihsengul.com\/en\/biography\" \/>\n<meta property=\"og:site_name\" content=\"Di\u015f Hekimi Dr. Melih \u015eeng\u00fcl\" \/>\n<meta property=\"article:modified_time\" content=\"2020-07-08T14:51:24+00:00\" \/>\n<meta name=\"twitter:label1\" content=\"Est. reading time\" \/>\n\t<meta name=\"twitter:data1\" content=\"2 minutes\" \/>\n<script type=\"application\/ld+json\" class=\"yoast-schema-graph\">{\"@context\":\"https:\/\/schema.org\",\"@graph\":[{\"@type\":\"WebPage\",\"@id\":\"https:\/\/www.melihsengul.com\/en\/biography\",\"url\":\"https:\/\/www.melihsengul.com\/en\/biography\",\"name\":\"Dr. Dt. Melih \u015eeng\u00fcl - Prosthodontist \/ DDS - Kadikoy, Istanbul, Turkey\",\"isPartOf\":{\"@id\":\"https:\/\/www.melihsengul.com\/en#website\"},\"datePublished\":\"2015-12-09T09:32:21+00:00\",\"dateModified\":\"2020-07-08T14:51:24+00:00\",\"description\":\"Dr. Melih Sengul, DDS was born in 1977, in Germany. His dental technician father Himmet Sengul was awarded as the most valuable technician in 1987.\",\"breadcrumb\":{\"@id\":\"https:\/\/www.melihsengul.com\/en\/biography#breadcrumb\"},\"inLanguage\":\"en-US\",\"potentialAction\":[{\"@type\":\"ReadAction\",\"target\":[\"https:\/\/www.melihsengul.com\/en\/biography\"]}]},{\"@type\":\"BreadcrumbList\",\"@id\":\"https:\/\/www.melihsengul.com\/en\/biography#breadcrumb\",\"itemListElement\":[{\"@type\":\"ListItem\",\"position\":1,\"name\":\"Home\",\"item\":\"https:\/\/www.melihsengul.com\/en\"},{\"@type\":\"ListItem\",\"position\":2,\"name\":\"Dr. Melih \u015eeng\u00fcl\"}]},{\"@type\":\"WebSite\",\"@id\":\"https:\/\/www.melihsengul.com\/en#website\",\"url\":\"https:\/\/www.melihsengul.com\/en\",\"name\":\"Di\u015f Hekimi Dr. Melih \u015eeng\u00fcl\",\"description\":\"Prosthodontist \/ Protez Uzman\u0131\",\"potentialAction\":[{\"@type\":\"SearchAction\",\"target\":{\"@type\":\"EntryPoint\",\"urlTemplate\":\"https:\/\/www.melihsengul.com\/en?s={search_term_string}\"},\"query-input\":{\"@type\":\"PropertyValueSpecification\",\"valueRequired\":true,\"valueName\":\"search_term_string\"}}],\"inLanguage\":\"en-US\"}]}<\/script>\n<!-- \/ Yoast SEO plugin. -->","yoast_head_json":{"title":"Dr. Dt. Melih \u015eeng\u00fcl - Prosthodontist \/ DDS - Kadikoy, Istanbul, Turkey","description":"Dr. Melih Sengul, DDS was born in 1977, in Germany. His dental technician father Himmet Sengul was awarded as the most valuable technician in 1987.","robots":{"index":"index","follow":"follow","max-snippet":"max-snippet:-1","max-image-preview":"max-image-preview:large","max-video-preview":"max-video-preview:-1"},"canonical":"https:\/\/www.melihsengul.com\/en\/biography","og_locale":"en_US","og_type":"article","og_title":"Dr. Dt. Melih \u015eeng\u00fcl - Prosthodontist \/ DDS - Kadikoy, Istanbul, Turkey","og_description":"Dr. Melih Sengul, DDS was born in 1977, in Germany. His dental technician father Himmet Sengul was awarded as the most valuable technician in 1987.","og_url":"https:\/\/www.melihsengul.com\/en\/biography","og_site_name":"Di\u015f Hekimi Dr. Melih \u015eeng\u00fcl","article_modified_time":"2020-07-08T14:51:24+00:00","twitter_misc":{"Est. reading time":"2 minutes"},"schema":{"@context":"https:\/\/schema.org","@graph":[{"@type":"WebPage","@id":"https:\/\/www.melihsengul.com\/en\/biography","url":"https:\/\/www.melihsengul.com\/en\/biography","name":"Dr. Dt. Melih \u015eeng\u00fcl - Prosthodontist \/ DDS - Kadikoy, Istanbul, Turkey","isPartOf":{"@id":"https:\/\/www.melihsengul.com\/en#website"},"datePublished":"2015-12-09T09:32:21+00:00","dateModified":"2020-07-08T14:51:24+00:00","description":"Dr. Melih Sengul, DDS was born in 1977, in Germany. His dental technician father Himmet Sengul was awarded as the most valuable technician in 1987.","breadcrumb":{"@id":"https:\/\/www.melihsengul.com\/en\/biography#breadcrumb"},"inLanguage":"en-US","potentialAction":[{"@type":"ReadAction","target":["https:\/\/www.melihsengul.com\/en\/biography"]}]},{"@type":"BreadcrumbList","@id":"https:\/\/www.melihsengul.com\/en\/biography#breadcrumb","itemListElement":[{"@type":"ListItem","position":1,"name":"Home","item":"https:\/\/www.melihsengul.com\/en"},{"@type":"ListItem","position":2,"name":"Dr. Melih \u015eeng\u00fcl"}]},{"@type":"WebSite","@id":"https:\/\/www.melihsengul.com\/en#website","url":"https:\/\/www.melihsengul.com\/en","name":"Di\u015f Hekimi Dr. Melih \u015eeng\u00fcl","description":"Prosthodontist \/ Protez Uzman\u0131","potentialAction":[{"@type":"SearchAction","target":{"@type":"EntryPoint","urlTemplate":"https:\/\/www.melihsengul.com\/en?s={search_term_string}"},"query-input":{"@type":"PropertyValueSpecification","valueRequired":true,"valueName":"search_term_string"}}],"inLanguage":"en-US"}]}},"_links":{"self":[{"href":"https:\/\/www.melihsengul.com\/en\/wp-json\/wp\/v2\/pages\/36404","targetHints":{"allow":["GET"]}}],"collection":[{"href":"https:\/\/www.melihsengul.com\/en\/wp-json\/wp\/v2\/pages"}],"about":[{"href":"https:\/\/www.melihsengul.com\/en\/wp-json\/wp\/v2\/types\/page"}],"author":[{"embeddable":true,"href":"https:\/\/www.melihsengul.com\/en\/wp-json\/wp\/v2\/users\/2"}],"replies":[{"embeddable":true,"href":"https:\/\/www.melihsengul.com\/en\/wp-json\/wp\/v2\/comments?post=36404"}],"version-history":[{"count":0,"href":"https:\/\/www.melihsengul.com\/en\/wp-json\/wp\/v2\/pages\/36404\/revisions"}],"wp:attachment":[{"href":"https:\/\/www.melihsengul.com\/en\/wp-json\/wp\/v2\/media?parent=36404"}],"curies":[{"name":"wp","href":"https:\/\/api.w.org\/{rel}","templated":true}]}}